{"id":245,"date":"2017-11-16T01:55:59","date_gmt":"2017-11-16T01:55:59","guid":{"rendered":"https:\/\/anfibioshuatulco.com\/?page_id=245"},"modified":"2020-10-08T14:31:21","modified_gmt":"2020-10-08T14:31:21","slug":"privacidad","status":"publish","type":"page","link":"https:\/\/anfibioshuatulco.com\/es\/privacidad\/","title":{"rendered":"Privacidad"},"content":{"rendered":"<p><span style=\"width: 100%;\"><img decoding=\"async\" alt=\"Diving Center Anfibios Huatulco\" width=\"300\" height=\"300\" title=\"Diving Center Anfibios Huatulco\" data-id=\"89\" src=\"\/\/anfibioshuatulco.com\/wp-content\/uploads\/2017\/11\/Logo_Anfibios_Huatulco-300x300.png\" style=\"\"><\/span><span style=\"width: 100%;\"><img decoding=\"async\" alt=\"Diving Center Anfibios Huatulco\" width=\"300\" height=\"300\" title=\"Diving Center Anfibios Huatulco\" data-id=\"89\" src=\"\/\/anfibioshuatulco.com\/wp-content\/uploads\/2017\/11\/Logo_Anfibios_Huatulco-300x300.png\" style=\"\"><\/span><span style=\"width: 100%;\"><img decoding=\"async\" alt=\"Diving Center Anfibios Huatulco\" width=\"300\" height=\"300\" title=\"Diving Center Anfibios Huatulco\" data-id=\"89\" src=\"\/\/anfibioshuatulco.com\/wp-content\/uploads\/2017\/11\/Logo_Anfibios_Huatulco-300x300.png\" style=\"\"><\/span><\/p>\n<p style=\"text-align: left;\"><strong><span style=\"text-shadow: none;\">centro de buceo anfibios huatulco<\/span><\/strong><\/p>\n<p style=\"text-align: center;\"><strong>centro de buceo anfibios huatulco<\/strong><\/p>\n<p style=\"text-align: center;\"><strong>centro de buceo anfibios huatulco<\/strong><\/p>\n<p style=\"text-align: right;\"><a href=\"tel:+52-958-587-6154\" style=\"outline: none;\"><strong><span style=\"color: rgb(255, 255, 255);\"><span style=\"text-shadow: rgba(0, 0, 0, 0.4) 3px 3px 2px;\">+52 958 587 6154<\/span><\/span><\/strong><\/a><\/p>\n<p style=\"text-align: center;\"><a href=\"tel:+52-958-587-6154\" style=\"outline: none;\"><strong><span style=\"color: rgb(255, 255, 255);\"><span style=\"text-shadow: rgba(0, 0, 0, 0.4) 3px 3px 2px;\">+52 958 587 6154<\/span><\/span><\/strong><\/a><\/p>\n<p style=\"text-align: center;\"><a href=\"tel:+52-958-587-6154\" style=\"outline: none;\"><strong><span><span>+52 958 587 6154<\/span><\/span><\/strong><\/a><\/p>\n<p style=\"text-align: center;\"><a href=\"https:\/\/anfibioshuatulco.com\/es\/\"><strong><span style=\"color: rgb(255, 255, 255);\">Inicio<\/span><\/strong><\/a><strong>&nbsp;<\/strong><strong>|&nbsp;<\/strong><strong><span style=\"color: rgb(255, 255, 255);\"><a href=\"https:\/\/anfibioshuatulco.com\/es\/acerca\/\">Acerca<\/a><\/span>&nbsp;<\/strong><strong>|&nbsp;<\/strong><strong><span style=\"color: rgb(255, 255, 255);\"><a href=\"https:\/\/anfibioshuatulco.com\/es\/contacto\/\">Contacto<\/a><\/span>&nbsp;<\/strong><strong>|&nbsp;<\/strong>\u200b<strong>\u200b<\/strong>\u200b\u200b\u200b<span style=\"color: rgb(255, 255, 255);\"><a href=\"https:\/\/anfibioshuatulco.com\/\"><span style=\"text-shadow: none;\"><strong>English<\/strong><\/span><\/a><\/span><\/p>\n<p style=\"text-align: center;\"><strong><span style=\"color: rgb(255, 255, 255);\"><a href=\"https:\/\/anfibioshuatulco.com\/es\/\">Inicio<\/a>&nbsp;<\/span><\/strong><strong>|&nbsp;<\/strong><strong><span style=\"color: rgb(255, 255, 255);\"><a href=\"https:\/\/anfibioshuatulco.com\/es\/acerca\">Acerca<\/a><\/span>&nbsp;<\/strong><strong>|&nbsp;<\/strong><strong><span style=\"color: rgb(255, 255, 255);\"><a href=\"https:\/\/anfibioshuatulco.com\/es\/contacto\/\">Contacto<\/a><\/span>&nbsp;<\/strong><strong>|&nbsp;<\/strong><span style=\"color: rgb(255, 255, 255);\"><a href=\"https:\/\/anfibioshuatulco.com\/\" style=\"outline: none;\"><span style=\"text-shadow: none;\"><strong>English<\/strong><\/span><\/a><\/span><\/p>\n<h1>Pol\u00edtica de Privacidad de Anfibios Huatulco<\/h1>\n<p>Si necesita m\u00e1s informaci\u00f3n o tiene alguna pregunta sobre nuestra pol\u00edtica de privacidad, no dude en ponerse en contacto con nosotros por correo electr\u00f3nico a?En http:\/\/anfibioshuatulco.com consideramos que la privacidad de nuestros visitantes es extremadamente importante. Este documento de pol\u00edtica de privacidad describe en detalle los tipos de informaci\u00f3n personal que se recoge y registra en http:\/\/anfibioshuatulco.com y c\u00f3mo la utilizamos.<\/p>\n<\/p>\n<p><strong>Archivos de registro<\/strong>Como muchos otros sitios Web, http:\/\/anfibioshuatulco.com hace uso de archivos de registro. Estos archivos simplemente registran los visitantes al sitio &#8211; generalmente un procedimiento est\u00e1ndar para las empresas de hosting y una parte de los an\u00e1lisis de los servicios de hosting. La informaci\u00f3n dentro de los archivos de registro incluye las direcciones de protocolo de Internet (IP), el tipo de navegador, el proveedor de servicios de Internet (ISP), la fecha y la hora, las p\u00e1ginas de referencia\/salida y posiblemente el n\u00famero de clics. Esta informaci\u00f3n se utiliza para analizar tendencias, administrar el sitio, rastrear el movimiento del usuario alrededor del sitio y recopilar informaci\u00f3n demogr\u00e1fica. Las direcciones IP, y otra informaci\u00f3n de este tipo no est\u00e1n vinculadas a ninguna informaci\u00f3n que sea personalmente identificable.<strong>Cookies y Web Beacons<\/strong>http:\/\/anfibioshuatulco.com utiliza cookies para almacenar informaci\u00f3n sobre las preferencias de los visitantes, registrar informaci\u00f3n espec\u00edfica del usuario en qu\u00e9 p\u00e1ginas el visitante del sitio accede o visita, y personalizar o personalizar el contenido de nuestra p\u00e1gina web en funci\u00f3n del tipo de navegador de los visitantes u otra informaci\u00f3n que el visitante env\u00eda a trav\u00e9s de su navegador.<\/p>\n<p><strong>DoubleClick DART Cookie<\/strong><\/p>\n<p>\u2192Google, como proveedor de terceros, utiliza cookies para publicar anuncios en http:\/\/anfibioshuatulco.com.\u2192El uso de Google de la cookie de DART le permite publicar anuncios a los visitantes de nuestro sitio web bas\u00e1ndose en su visita a http:\/\/anfibioshuatulco.com y a otros sitios de Internet. \u2192Los usuarios pueden optar por no utilizar la cookie de DART visitando la pol\u00edtica de privacidad de la red de publicidad y contenido de Google en la siguiente URL &#8211;&nbsp;<a href=\"http:\/\/www.google.com\/privacy_ads.html\" title=\"Opt out of the Dart Cookie\" style=\"outline: none;\">http:\/\/www.google.com\/privacy_ads.html<\/a><\/p>\n<p>\u200b<\/p>\n<p><strong>Nuestros socios de publicidad<\/strong>Algunos de nuestros socios publicitarios pueden utilizar cookies y web beacons en nuestro sitio. Nuestros socios publicitarios incluyen&#8230;&#8230;&#8230;.Aunque cada uno de estos socios publicitarios tiene su propia Pol\u00edtica de Privacidad para su sitio, aqu\u00ed se mantiene un recurso actualizado e hipervinculado:<em> <a href=\"http:\/\/www.privacypolicyonline.com\/privacy-policies\">Pol\u00edticas de Privacidad<\/a>.Usted puede consultar este listado para encontrar la pol\u00edtica de privacidad de cada uno de los socios publicitarios de http:\/\/anfibioshuatulco.com.Estos servidores o redes publicitarias de terceros utilizan tecnolog\u00eda en sus respectivos anuncios y enlaces que aparecen en http:\/\/anfibioshuatulco.com y que se env\u00edan directamente a su navegador. Reciben autom\u00e1ticamente su direcci\u00f3n IP cuando esto ocurre. Otras tecnolog\u00edas (como cookies, JavaScript o Web Beacons) tambi\u00e9n pueden ser utilizadas por las redes publicitarias de terceros de nuestro sitio para medir la efectividad de sus campa\u00f1as publicitarias y\/o para personalizar el contenido publicitario que usted ve en el sitio.http:\/\/anfibioshuatulco.com no tiene acceso ni control sobre las cookies que utilizan los anunciantes de terceros.<\/em><\/p>\n<\/p>\n<p><strong>Pol\u00edticas de Privacidad de Terceros<\/strong><\/p>\n<p>Usted debe consultar las respectivas pol\u00edticas de privacidad de estos servidores de anuncios de terceros para obtener informaci\u00f3n m\u00e1s detallada sobre sus pr\u00e1cticas, as\u00ed como para obtener instrucciones acerca de c\u00f3mo excluirse de ciertas pr\u00e1cticas. La pol\u00edtica de privacidad de http:\/\/anfibioshuatulco.com no se aplica a, y no podemos controlar las actividades de tales anunciantes o sitios web. Puede encontrar una lista completa de estas pol\u00edticas de privacidad y sus enlaces aqu\u00ed:<strong>&nbsp;<\/strong><a href=\"http:\/\/www.privacypolicyonline.com\/privacy-policy-links\" title=\"Privacy Policy Links\">Pol\u00edtica de Privacidad Enlaces<\/a>.<\/p>\n<p>Si desea desactivar las cookies, puede hacerlo a trav\u00e9s de las opciones individuales de su navegador. Puede encontrar informaci\u00f3n m\u00e1s detallada sobre la gesti\u00f3n de cookies con navegadores web espec\u00edficos en los respectivos sitios web de los navegadores. <a href=\"http:\/\/www.privacypolicyonline.com\/what-are-cookies\" style=\"outline: none;\">Que son Cookies?<\/a><\/p>\n<\/p>\n<p><strong>Informaci\u00f3n acerca de los ni\u00f1os<\/strong>Creemos que es importante proporcionar una mayor protecci\u00f3n para los ni\u00f1os en l\u00ednea. Animamos a los padres y tutores a pasar tiempo en l\u00ednea con sus hijos para observar, participar y\/o monitorear y guiar su actividad en l\u00ednea.http:\/\/anfibioshuatulco.com no recopila intencionalmente ninguna informaci\u00f3n personal identificable de ni\u00f1os menores de 13 a\u00f1os. Si un padre o tutor cree que http:\/\/anfibioshuatulco.com tiene en su base de datos la informaci\u00f3n personal identificable de un menor de 13 a\u00f1os, por favor cont\u00e1ctenos inmediatamente (utilizando el contacto en el primer p\u00e1rrafo) y haremos todo lo posible para eliminar dicha informaci\u00f3n de nuestros registros.<\/p>\n<\/p>\n<p><strong>Pol\u00edtica de privacidad en l\u00ednea solamente<\/strong>Esta pol\u00edtica de privacidad se aplica s\u00f3lo a nuestras actividades en l\u00ednea y es v\u00e1lida para los visitantes de nuestro sitio web y con respecto a la informaci\u00f3n compartida y \/ o recopilada all\u00ed. Esta pol\u00edtica no se aplica a ninguna informaci\u00f3n recopilada fuera de l\u00ednea o a trav\u00e9s de otros canales que no sean este sitio web.<\/p>\n<\/p>\n<ul>\n<li><strong>Consent<\/strong>By using our website, you hereby consent to our privacy policy and agree to its terms.<\/li>\n<\/ul>\n<p><strong>Actualicaci\u00f3nes<\/strong>\u200bEsta Pol\u00edtica de Privacidad fue actualizada por \u00faltima vez el: martes, 14 de noviembre de 2017.<em>Si actualizamos, enmendamos o hacemos cualquier cambio a nuestra pol\u00edtica de privacidad, esos cambios se publicar\u00e1n aqu\u00ed.<\/em><\/p>\n<p><em>\u200b<\/em><\/p>\n<p><em>\u200b<\/em><\/p>\n<p><em>\u200b<\/em><\/p>\n<p><em>\u200b<\/em><\/p>\n<p><em>\u200b<\/em><\/p>\n<p><em>\u200b<\/em><\/p>\n<p>Copyright 2020, Centro de Buceo Anfibios Huatulco<\/p>\n<p><a href=\"https:\/\/anfibioshuatulco.com\/sitemap.xml\"><span style=\"color: rgb(255, 255, 255);\">Mapa del Sitio<\/span><\/a><span style=\"color: rgb(255, 255, 255);\"> &nbsp;| &nbsp;<a href=\"https:\/\/anfibioshuatulco.com\/es\/disclaimer\/\">Disclaimer<\/a><\/span>&nbsp; | &nbsp;<a href=\"https:\/\/anfibioshuatulco.com\/es\/privacidad\"><span style=\"color: rgb(255, 255, 255);\">Privacidad<\/span><\/a><\/p>\n","protected":false},"excerpt":{"rendered":"<p>centro de buceo anfibios huatulco centro de buceo anfibios huatulco centro de buceo anfibios huatulco +52 958 587 6154 +52 958 587 6154 +52 958 587 6154 Inicio&nbsp;|&nbsp;Acerca&nbsp;|&nbsp;Contacto&nbsp;|&nbsp;\u200b\u200b\u200b\u200b\u200bEnglish Inicio&nbsp;|&nbsp;Acerca&nbsp;|&nbsp;Contacto&nbsp;|&nbsp;English Pol\u00edtica de Privacidad de Anfibios Huatulco Si necesita m\u00e1s informaci\u00f3n o tiene alguna pregunta sobre nuestra pol\u00edtica de privacidad, no dude en ponerse en contacto con &hellip; <\/p>\n<p class=\"link-more\"><a href=\"https:\/\/anfibioshuatulco.com\/es\/privacidad\/\" class=\"more-link\">Continuar leyendo<span class=\"screen-reader-text\"> \u00abPrivacidad\u00bb<\/span><\/a><\/p>\n","protected":false},"author":1,"featured_media":0,"parent":0,"menu_order":0,"comment_status":"closed","ping_status":"closed","template":"","meta":{"footnotes":""},"class_list":["post-245","page","type-page","status-publish","hentry"],"_links":{"self":[{"href":"https:\/\/anfibioshuatulco.com\/es\/wp-json\/wp\/v2\/pages\/245","targetHints":{"allow":["GET"]}}],"collection":[{"href":"https:\/\/anfibioshuatulco.com\/es\/wp-json\/wp\/v2\/pages"}],"about":[{"href":"https:\/\/anfibioshuatulco.com\/es\/wp-json\/wp\/v2\/types\/page"}],"author":[{"embeddable":true,"href":"https:\/\/anfibioshuatulco.com\/es\/wp-json\/wp\/v2\/users\/1"}],"replies":[{"embeddable":true,"href":"https:\/\/anfibioshuatulco.com\/es\/wp-json\/wp\/v2\/comments?post=245"}],"version-history":[{"count":0,"href":"https:\/\/anfibioshuatulco.com\/es\/wp-json\/wp\/v2\/pages\/245\/revisions"}],"wp:attachment":[{"href":"https:\/\/anfibioshuatulco.com\/es\/wp-json\/wp\/v2\/media?parent=245"}],"curies":[{"name":"wp","href":"https:\/\/api.w.org\/{rel}","templated":true}]}}