{"id":256,"date":"2017-11-16T02:58:00","date_gmt":"2017-11-16T02:58:00","guid":{"rendered":"https:\/\/anfibioshuatulco.com\/?page_id=256"},"modified":"2020-10-08T14:29:58","modified_gmt":"2020-10-08T14:29:58","slug":"disclaimer","status":"publish","type":"page","link":"https:\/\/anfibioshuatulco.com\/es\/disclaimer\/","title":{"rendered":"Disclaimer"},"content":{"rendered":"<p><span style=\"width: 100%;\"><img decoding=\"async\" alt=\"Diving Center Anfibios Huatulco\" width=\"300\" height=\"300\" title=\"Diving Center Anfibios Huatulco\" data-id=\"89\" src=\"\/\/anfibioshuatulco.com\/wp-content\/uploads\/2017\/11\/Logo_Anfibios_Huatulco-300x300.png\" style=\"\"><\/span><span style=\"width: 100%;\"><img decoding=\"async\" alt=\"Diving Center Anfibios Huatulco\" width=\"300\" height=\"300\" title=\"Diving Center Anfibios Huatulco\" data-id=\"89\" src=\"\/\/anfibioshuatulco.com\/wp-content\/uploads\/2017\/11\/Logo_Anfibios_Huatulco-300x300.png\" style=\"\"><\/span><span style=\"width: 100%;\"><img decoding=\"async\" alt=\"Diving Center Anfibios Huatulco\" width=\"300\" height=\"300\" title=\"Diving Center Anfibios Huatulco\" data-id=\"89\" src=\"\/\/anfibioshuatulco.com\/wp-content\/uploads\/2017\/11\/Logo_Anfibios_Huatulco-300x300.png\" style=\"\"><\/span><\/p>\n<p style=\"text-align: left;\"><strong><span style=\"text-shadow: none;\">centro de buCeo anfibios huatulco<\/span><\/strong><\/p>\n<p style=\"text-align: center;\"><strong>centro de buCeo anfibios huatulco<\/strong><\/p>\n<p style=\"text-align: center;\"><strong>centro de buCeo anfibios huatulco<\/strong><\/p>\n<p style=\"text-align: right;\"><a href=\"tel:+52-958-587-6154\" style=\"outline: none;\"><strong><span style=\"color: rgb(255, 255, 255);\"><span style=\"text-shadow: rgba(0, 0, 0, 0.4) 3px 3px 2px;\">+52 958 587 6154<\/span><\/span><\/strong><\/a><\/p>\n<p style=\"text-align: center;\"><a href=\"tel:+52-958-587-6154\" style=\"outline: none;\"><strong><span style=\"color: rgb(255, 255, 255);\"><span style=\"text-shadow: rgba(0, 0, 0, 0.4) 3px 3px 2px;\">+52 958 587 6154<\/span><\/span><\/strong><\/a><\/p>\n<p style=\"text-align: center;\"><a href=\"tel:+52-958-587-6154\" style=\"outline: none;\"><strong><span><span>+52 958 587 6154<\/span><\/span><\/strong><\/a><\/p>\n<p style=\"text-align: center;\"><a href=\"https:\/\/anfibioshuatulco.com\/es\/\"><strong><span style=\"color: rgb(255, 255, 255);\">Inicio<\/span><\/strong><\/a><strong>&nbsp;<\/strong><strong>|&nbsp;<\/strong><strong><span style=\"color: rgb(255, 255, 255);\"><a href=\"https:\/\/anfibioshuatulco.com\/es\/acerca\/\">Acerca<\/a><\/span>&nbsp;<\/strong><strong>|&nbsp;<\/strong><strong><span style=\"color: rgb(255, 255, 255);\"><a href=\"https:\/\/anfibioshuatulco.com\/es\/contacto\/\">Contacto<\/a><\/span>&nbsp;<\/strong><strong>|&nbsp;<\/strong>\u200b<strong>\u200b<\/strong>\u200b\u200b\u200b<span style=\"color: rgb(255, 255, 255);\"><a href=\"https:\/\/anfibioshuatulco.com\/\"><span style=\"text-shadow: none;\"><strong>English<\/strong><\/span><\/a><\/span><\/p>\n<p style=\"text-align: center;\"><strong><span style=\"color: rgb(255, 255, 255);\"><a href=\"https:\/\/anfibioshuatulco.com\/es\/\">Inicio<\/a>&nbsp;<\/span><\/strong><strong>|&nbsp;<\/strong><strong><span style=\"color: rgb(255, 255, 255);\"><a href=\"https:\/\/anfibioshuatulco.com\/es\/acerca\">Acerca<\/a><\/span>&nbsp;<\/strong><strong>|&nbsp;<\/strong><strong><span style=\"color: rgb(255, 255, 255);\"><a href=\"https:\/\/anfibioshuatulco.com\/es\/contacto\/\">Contacto<\/a><\/span>&nbsp;<\/strong><strong>|&nbsp;<\/strong><span style=\"color: rgb(255, 255, 255);\"><a href=\"https:\/\/anfibioshuatulco.com\/\" style=\"outline: none;\"><span style=\"text-shadow: none;\"><strong>English<\/strong><\/span><\/a><\/span><\/p>\n<h1>Descargo de responsabilidad para Anfibios Huatulco<\/h1>\n<p style=\"text-align: left;\">Si necesita m\u00e1s informaci\u00f3n o tiene alguna pregunta sobre el descargo de responsabilidad de nuestro sitio, no dude en ponerse en contacto con nosotros por correo electr\u00f3nico a alex@anfibioshuatulco.com<\/p>\n<p style=\"text-align: left;\">\n<p style=\"text-align: left;\"><strong>Descargo de responsabilidad para https:\/\/anfibioshuatulco.com\/:<\/strong><\/p>\n<p>Toda la informaci\u00f3n contenida en este sitio web se publica de buena fe y s\u00f3lo con fines informativos generales. https:\/\/anfibioshuatulco.com\/ no ofrece ninguna garant\u00eda sobre la integridad, fiabilidad y exactitud de esta informaci\u00f3n. Cualquier acci\u00f3n que usted tome sobre la informaci\u00f3n que encuentre en este sitio web (https:\/\/anfibioshuatulco.com\/), es estrictamente bajo su propio riesgo. https:\/\/anfibioshuatulco.com\/ no se hace responsable de las p\u00e9rdidas y\/o da\u00f1os que pudieran producirse en relaci\u00f3n con el uso de nuestro sitio web.Desde nuestro sitio web, usted puede visitar otros sitios web siguiendo hiperv\u00ednculos a dichos sitios externos. Si bien nos esforzamos por proporcionar s\u00f3lo enlaces de calidad a sitios web \u00fatiles y \u00e9ticos, no tenemos ning\u00fan control sobre el contenido y la naturaleza de estos sitios. Estos enlaces a otros sitios web no suponen una recomendaci\u00f3n para todos los contenidos de estos sitios. Los propietarios del sitio y el contenido pueden cambiar sin previo aviso y puede ocurrir antes de que tengamos la oportunidad de eliminar un enlace que puede haber ido \u00abmal\u00bb.Tenga en cuenta tambi\u00e9n que cuando usted abandona nuestro sitio web, es posible que otros sitios tengan diferentes pol\u00edticas de privacidad y t\u00e9rminos que est\u00e1n fuera de nuestro control. Por favor aseg\u00farese de revisar las Pol\u00edticas de Privacidad de estos sitios, as\u00ed como sus \u00abT\u00e9rminos de Servicio\u00bb antes de involucrarse en cualquier negocio o cargar cualquier informaci\u00f3n.<\/p>\n<\/p>\n<p><strong>Consentimiento<\/strong><\/p>\n<p>Al utilizar nuestro sitio web, usted da su consentimiento a nuestro descargo de responsabilidad y acepta sus t\u00e9rminos.<\/p>\n<\/p>\n<p><strong>Actualiza\u200bci\u00f3nes<\/strong>Esta cl\u00e1usula de descargo de responsabilidad del sitio fue actualizada por \u00faltima vez el: martes, 14 de noviembre de 2017<em>En caso de que actualicemos, modifiquemos o hagamos cambios en este documento, dichos cambios se publicar\u00e1n de forma destacada aqu\u00ed.<\/em><\/p>\n<p>Copyright 2020, Centro de Buceo Anfibios Huatulco<\/p>\n<p><a href=\"https:\/\/anfibioshuatulco.com\/sitemap.xml\"><span style=\"color: rgb(255, 255, 255);\">Mapa del Citio<\/span><\/a><span style=\"color: rgb(255, 255, 255);\"> &nbsp;| &nbsp;<a href=\"https:\/\/anfibioshuatulco.com\/es\/disclaimer\/\">Disclaimer<\/a><\/span>&nbsp; | &nbsp;<a href=\"https:\/\/anfibioshuatulco.com\/es\/privacidad\"><span style=\"color: rgb(255, 255, 255);\">Privacidad<\/span><\/a><\/p>\n","protected":false},"excerpt":{"rendered":"<p>centro de buCeo anfibios huatulco centro de buCeo anfibios huatulco centro de buCeo anfibios huatulco +52 958 587 6154 +52 958 587 6154 +52 958 587 6154 Inicio&nbsp;|&nbsp;Acerca&nbsp;|&nbsp;Contacto&nbsp;|&nbsp;\u200b\u200b\u200b\u200b\u200bEnglish Inicio&nbsp;|&nbsp;Acerca&nbsp;|&nbsp;Contacto&nbsp;|&nbsp;English Descargo de responsabilidad para Anfibios Huatulco Si necesita m\u00e1s informaci\u00f3n o tiene alguna pregunta sobre el descargo de responsabilidad de nuestro sitio, no dude en ponerse &hellip; <\/p>\n<p class=\"link-more\"><a href=\"https:\/\/anfibioshuatulco.com\/es\/disclaimer\/\" class=\"more-link\">Continuar leyendo<span class=\"screen-reader-text\"> \u00abDisclaimer\u00bb<\/span><\/a><\/p>\n","protected":false},"author":1,"featured_media":0,"parent":0,"menu_order":0,"comment_status":"closed","ping_status":"closed","template":"","meta":{"footnotes":""},"class_list":["post-256","page","type-page","status-publish","hentry"],"_links":{"self":[{"href":"https:\/\/anfibioshuatulco.com\/es\/wp-json\/wp\/v2\/pages\/256","targetHints":{"allow":["GET"]}}],"collection":[{"href":"https:\/\/anfibioshuatulco.com\/es\/wp-json\/wp\/v2\/pages"}],"about":[{"href":"https:\/\/anfibioshuatulco.com\/es\/wp-json\/wp\/v2\/types\/page"}],"author":[{"embeddable":true,"href":"https:\/\/anfibioshuatulco.com\/es\/wp-json\/wp\/v2\/users\/1"}],"replies":[{"embeddable":true,"href":"https:\/\/anfibioshuatulco.com\/es\/wp-json\/wp\/v2\/comments?post=256"}],"version-history":[{"count":0,"href":"https:\/\/anfibioshuatulco.com\/es\/wp-json\/wp\/v2\/pages\/256\/revisions"}],"wp:attachment":[{"href":"https:\/\/anfibioshuatulco.com\/es\/wp-json\/wp\/v2\/media?parent=256"}],"curies":[{"name":"wp","href":"https:\/\/api.w.org\/{rel}","templated":true}]}}